{"id":12,"date":"2019-03-22T10:55:24","date_gmt":"2019-03-22T09:55:24","guid":{"rendered":"https:\/\/login.pluginkollektiv.org\/statify\/?page_id=12"},"modified":"2019-09-09T16:34:43","modified_gmt":"2019-09-09T14:34:43","slug":"dokumentation","status":"publish","type":"page","link":"https:\/\/crazylazy.pluginkollektiv.org\/de\/dokumentation\/","title":{"rendered":"Dokumentation"},"content":{"rendered":"\n<div class=\"wp-block-group\" id=\"settings\"><div class=\"wp-block-group__inner-container is-layout-flow wp-block-group-is-layout-flow\">\n<h2 class=\"wp-block-heading\">Einstellungen<\/h2>\n\n\n\n<h3 class=\"wp-block-heading\"><a href=\"https:\/\/github.com\/pluginkollektiv\/crazy-lazy#styling\"><\/a>Styling<\/h3>\n\n\n\n<p>Platzhalter f\u00fcr Bilder k\u00f6nnen mit eigenem Styling versehen werden. Zum Beispiel:<\/p>\n\n\n\n<p><code>img[src*='data:image\/gif;base64'] { border: 1px dashed #dbdbdb; }<\/code><\/p>\n\n\n\n<p><code>img.crazy_lazy { background: url(\/wp-includes\/images\/wpspin-2x.gif) no-repeat center center; background-size: 16px 16px; }<\/code><a href=\"https:\/\/github.com\/pluginkollektiv\/crazy-lazy#excluding-images\"><\/a><\/p>\n\n\n\n<h3 class=\"wp-block-heading\">Bilder ausschlie\u00dfen<\/h3>\n\n\n\n<p>Es ist m\u00f6glich, beliebige Bilder vom Lazy Loading auszuschlie\u00dfen. Das kann durch das anh\u00e4ngen des Attributes <code>data-crazy-lazy=\"exclude\"<\/code> an ein Bild erreicht werden.Ein so markiertes Bild, sollte nicht mehr dynamisch nachgeladen werden.<\/p>\n<\/div><\/div>\n\n\n\n<div class=\"wp-block-group\" id=\"faq\"><div class=\"wp-block-group__inner-container is-layout-flow wp-block-group-is-layout-flow\">\n<h2 class=\"wp-block-heading\">FAQ<\/h2>\n\n\n\n<h3 class=\"wp-block-heading\">Wird dieses Plugin alle Bilder auf einer Seite per Lazy Loading nachladen?<\/h3>\n\n\n\n<p>Alle Bilder, die in die Mediathek hochgeladen wurden, inklusive Beitragsbildern.<a href=\"https:\/\/github.com\/pluginkollektiv\/crazy-lazy#will-i-have-to-edit-any-theme-template-files-to-make-this-work\"><\/a><\/p>\n\n\n\n<h3 class=\"wp-block-heading\">Muss ich irgendwelche Thema-Dateien bearbeiten, damit das Plugin funktioniert?<\/h3>\n\n\n\n<p>Eigentlich nicht. Wenn Crazy Lazy nicht einfach so funktioniert, solltest du aber einen Blick in die <code>footer.php<\/code> Datei deines aktiven Themes werfen. Dort sollte die Funktion <code>wp_footer()<\/code> aufgerufen werden, die Crazy Lazy zum Funktionieren voraussetzt. <a href=\"https:\/\/github.com\/pluginkollektiv\/crazy-lazy#will-crazy-lazy-work-well-with-any-caching-plugins\"><\/a><\/p>\n\n\n\n<h3 class=\"wp-block-heading\">Funktioniert Crazy Lazy in Kombination mit Caching-Plugins?<\/h3>\n\n\n\n<p>Crazy Lazy funktioniert mit allen Caching-Plugins inklusive unseres eigenen <a href=\"https:\/\/de.wordpress.org\/plugins\/cachify\/\">Cachify<\/a>.<\/p>\n<\/div><\/div>\n","protected":false},"excerpt":{"rendered":"<p>Einstellungen Styling Platzhalter f\u00fcr Bilder k\u00f6nnen mit eigenem Styling versehen werden. Zum Beispiel: img[src*=&#8217;data:image\/gif;base64&#8242;] { border: 1px dashed #dbdbdb; } img.crazy_lazy { background: url(\/wp-includes\/images\/wpspin-2x.gif) no-repeat center center; background-size: 16px 16px; } Bilder ausschlie\u00dfen Es ist m\u00f6glich, beliebige Bilder vom Lazy Loading auszuschlie\u00dfen. Das kann durch das anh\u00e4ngen des Attributes data-crazy-lazy=&#8220;exclude&#8220; an ein Bild erreicht werden.Ein &hellip;<\/p>\n","protected":false},"author":1,"featured_media":0,"parent":0,"menu_order":0,"comment_status":"closed","ping_status":"closed","template":"","meta":{"footnotes":""},"class_list":["post-12","page","type-page","status-publish","hentry","post","without-featured-image"],"_links":{"self":[{"href":"https:\/\/crazylazy.pluginkollektiv.org\/de\/wp-json\/wp\/v2\/pages\/12","targetHints":{"allow":["GET"]}}],"collection":[{"href":"https:\/\/crazylazy.pluginkollektiv.org\/de\/wp-json\/wp\/v2\/pages"}],"about":[{"href":"https:\/\/crazylazy.pluginkollektiv.org\/de\/wp-json\/wp\/v2\/types\/page"}],"author":[{"embeddable":true,"href":"https:\/\/crazylazy.pluginkollektiv.org\/de\/wp-json\/wp\/v2\/users\/1"}],"replies":[{"embeddable":true,"href":"https:\/\/crazylazy.pluginkollektiv.org\/de\/wp-json\/wp\/v2\/comments?post=12"}],"version-history":[{"count":5,"href":"https:\/\/crazylazy.pluginkollektiv.org\/de\/wp-json\/wp\/v2\/pages\/12\/revisions"}],"predecessor-version":[{"id":83,"href":"https:\/\/crazylazy.pluginkollektiv.org\/de\/wp-json\/wp\/v2\/pages\/12\/revisions\/83"}],"wp:attachment":[{"href":"https:\/\/crazylazy.pluginkollektiv.org\/de\/wp-json\/wp\/v2\/media?parent=12"}],"curies":[{"name":"wp","href":"https:\/\/api.w.org\/{rel}","templated":true}]}}